{"id":317,"date":"2023-09-18T12:02:46","date_gmt":"2023-09-18T10:02:46","guid":{"rendered":"https:\/\/www.kerbegesellschaft-schwanheim.de\/?page_id=317"},"modified":"2023-09-18T12:13:19","modified_gmt":"2023-09-18T10:13:19","slug":"elementor-317","status":"publish","type":"page","link":"https:\/\/www.kerbegesellschaft-schwanheim.de\/?page_id=317","title":{"rendered":"Schwanheimer Kerb 2023"},"content":{"rendered":"\t\t<div data-elementor-type=\"wp-page\" data-elementor-id=\"317\" class=\"elementor elementor-317\" data-elementor-post-type=\"page\">\n\t\t\t\t\t\t\t\t\t<section class=\"elementor-section elementor-top-section elementor-element elementor-element-2f697119 elementor-section-boxed elementor-section-height-default elementor-section-height-default\" data-id=\"2f697119\" data-element_type=\"section\">\n\t\t\t\t\t\t<div class=\"elementor-container elementor-column-gap-default\">\n\t\t\t\t\t<div class=\"elementor-column elementor-col-100 elementor-top-column elementor-element elementor-element-7d106d26\" data-id=\"7d106d26\" data-element_type=\"column\">\n\t\t\t<div class=\"elementor-widget-wrap elementor-element-populated\">\n\t\t\t\t\t\t\t\t<div class=\"elementor-element elementor-element-6092299f elementor-widget elementor-widget-heading\" data-id=\"6092299f\" data-element_type=\"widget\" data-widget_type=\"heading.default\">\n\t\t\t\t<div class=\"elementor-widget-container\">\n\t\t\t<style>\/*! elementor - v3.16.0 - 14-09-2023 *\/\n.elementor-heading-title{padding:0;margin:0;line-height:1}.elementor-widget-heading .elementor-heading-title[class*=elementor-size-]>a{color:inherit;font-size:inherit;line-height:inherit}.elementor-widget-heading .elementor-heading-title.elementor-size-small{font-size:15px}.elementor-widget-heading .elementor-heading-title.elementor-size-medium{font-size:19px}.elementor-widget-heading .elementor-heading-title.elementor-size-large{font-size:29px}.elementor-widget-heading .elementor-heading-title.elementor-size-xl{font-size:39px}.elementor-widget-heading .elementor-heading-title.elementor-size-xxl{font-size:59px}<\/style><h2 class=\"elementor-heading-title elementor-size-default\">Schwanheimer Kerb 2023<\/h2>\t\t<\/div>\n\t\t\t\t<\/div>\n\t\t\t\t\t<\/div>\n\t\t<\/div>\n\t\t\t\t\t\t\t<\/div>\n\t\t<\/section>\n\t\t\t\t<section class=\"elementor-section elementor-top-section elementor-element elementor-element-6bcbe3a6 elementor-section-boxed elementor-section-height-default elementor-section-height-default\" data-id=\"6bcbe3a6\" data-element_type=\"section\">\n\t\t\t\t\t\t<div class=\"elementor-container elementor-column-gap-default\">\n\t\t\t\t\t<div class=\"elementor-column elementor-col-66 elementor-top-column elementor-element elementor-element-1ca17d12\" data-id=\"1ca17d12\" data-element_type=\"column\">\n\t\t\t<div class=\"elementor-widget-wrap elementor-element-populated\">\n\t\t\t\t\t\t\t\t<div class=\"elementor-element elementor-element-bfec56a elementor-widget elementor-widget-text-editor\" data-id=\"bfec56a\" data-element_type=\"widget\" data-widget_type=\"text-editor.default\">\n\t\t\t\t<div class=\"elementor-widget-container\">\n\t\t\t<style>\/*! elementor - v3.16.0 - 14-09-2023 *\/\n.elementor-widget-text-editor.elementor-drop-cap-view-stacked .elementor-drop-cap{background-color:#69727d;color:#fff}.elementor-widget-text-editor.elementor-drop-cap-view-framed .elementor-drop-cap{color:#69727d;border:3px solid;background-color:transparent}.elementor-widget-text-editor:not(.elementor-drop-cap-view-default) .elementor-drop-cap{margin-top:8px}.elementor-widget-text-editor:not(.elementor-drop-cap-view-default) .elementor-drop-cap-letter{width:1em;height:1em}.elementor-widget-text-editor .elementor-drop-cap{float:left;text-align:center;line-height:1;font-size:50px}.elementor-widget-text-editor .elementor-drop-cap-letter{display:inline-block}<\/style>\t\t\t\t<p>Aufgrund des gro\u00dfen positiven Zuspruchs findet die Schwanheimer Familien-Kerb auch im Jahr 2023 wieder rund um St. Mauritius statt.<\/p><p>Die katholische Pfarrei St. Jakobus unterst\u00fctzt uns hierbei und begr\u00fc\u00dft die Idee grunds\u00e4tzlich. Leider f\u00fchrt die Pfarrei in diesem Jahr Bauma\u00dfnahmen auf ihrem Grundst\u00fcck durch, weshalb wir gezwungen waren teilweise in den \u00f6ffentlichen Verkehrsraum auszuweichen. So wird zwischen Donnerstag, dem 21. September 2023 8 Uhr und Montag, dem 26. September 2023 23:59 Uhr die Mauritiusstr. zwischen den Querstra\u00dfen Gerolsteiner Str. und Manderscheider Str. f\u00fcr den Verkehr voll gesperrt. Die endsprechenden Buslinien des \u00d6PNV werden umgeleitet.<br><\/p><p>In gewohntem Rahmen k\u00f6nnen die Schwanheimer ihre Kerb dann ab Freitag, den 22. September bis Montag, den 26. September 2023 t\u00e4glich von 13 bis 21 Uhr besuchen. Am Sonntag findet um 11 Uhr der Kirchweihgottesdienst in St. Mauritius statt und es spielt im Anschlu\u00df bereits ab 12 Uhr der Orchesterverein Schwanheim zu einem Fr\u00fchschoppen.<\/p><p>Die Kerbegesellschaft Schwanheim e.V. organisiert dieses Fest f\u00fcr alle Schwanheimer ehrenamtlich und ohne gewinnerzielungsabsicht. Am Kerbemontag wurden durch uns auch wieder alle \u00f6rtlichen Kinderbetreuungseinrichtungen zu einem kostenfreien Besuch eingeladen. Durch diese Einladung versuchen wir allen Kindern einen Besuch der Kerb zu erm\u00f6glichen.<br><\/p>Einen gro\u00dfen Dank f\u00fcr 2023 m\u00f6chte der Vorstand erneut allen Kerbeburschen, der katholischen Kirchengemeinde St. Jakobus mit ihrem Pfarrer Werner Portugal, den beteiligten Schaustellern,&nbsp; sowie den untert\u00fctzenden Unternehmen aussprechen.\t\t\t\t\t\t<\/div>\n\t\t\t\t<\/div>\n\t\t\t\t\t<\/div>\n\t\t<\/div>\n\t\t\t\t<div class=\"elementor-column elementor-col-33 elementor-top-column elementor-element elementor-element-1c38267f\" data-id=\"1c38267f\" data-element_type=\"column\">\n\t\t\t<div class=\"elementor-widget-wrap elementor-element-populated\">\n\t\t\t\t\t\t\t\t<div class=\"elementor-element elementor-element-4b0bd849 elementor-widget elementor-widget-image\" data-id=\"4b0bd849\" data-element_type=\"widget\" data-widget_type=\"image.default\">\n\t\t\t\t<div class=\"elementor-widget-container\">\n\t\t\t<style>\/*! elementor - v3.16.0 - 14-09-2023 *\/\n.elementor-widget-image{text-align:center}.elementor-widget-image a{display:inline-block}.elementor-widget-image a img[src$=\".svg\"]{width:48px}.elementor-widget-image img{vertical-align:middle;display:inline-block}<\/style>\t\t\t\t\t\t\t\t\t\t\t\t<img loading=\"lazy\" decoding=\"async\" width=\"768\" height=\"1152\" src=\"https:\/\/www.kerbegesellschaft-schwanheim.de\/wp-content\/uploads\/2022\/06\/IMG_3323-768x1152.jpg\" class=\"attachment-medium_large size-medium_large wp-image-285\" alt=\"\" srcset=\"https:\/\/www.kerbegesellschaft-schwanheim.de\/wp-content\/uploads\/2022\/06\/IMG_3323-768x1152.jpg 768w, https:\/\/www.kerbegesellschaft-schwanheim.de\/wp-content\/uploads\/2022\/06\/IMG_3323-200x300.jpg 200w, https:\/\/www.kerbegesellschaft-schwanheim.de\/wp-content\/uploads\/2022\/06\/IMG_3323-683x1024.jpg 683w, https:\/\/www.kerbegesellschaft-schwanheim.de\/wp-content\/uploads\/2022\/06\/IMG_3323-1024x1536.jpg 1024w, https:\/\/www.kerbegesellschaft-schwanheim.de\/wp-content\/uploads\/2022\/06\/IMG_3323-1365x2048.jpg 1365w, https:\/\/www.kerbegesellschaft-schwanheim.de\/wp-content\/uploads\/2022\/06\/IMG_3323-scaled.jpg 1707w\" sizes=\"auto, (max-width: 768px) 100vw, 768px\" \/>\t\t\t\t\t\t\t\t\t\t\t\t\t\t\t<\/div>\n\t\t\t\t<\/div>\n\t\t\t\t\t<\/div>\n\t\t<\/div>\n\t\t\t\t\t\t\t<\/div>\n\t\t<\/section>\n\t\t\t\t\t\t\t<\/div>\n\t\t","protected":false},"excerpt":{"rendered":"<p>Schwanheimer Kerb 2023 Aufgrund des gro\u00dfen positiven Zuspruchs findet die Schwanheimer Familien-Kerb auch im Jahr 2023 wieder rund um St. Mauritius statt. Die katholische Pfarrei St. Jakobus unterst\u00fctzt uns hierbei und begr\u00fc\u00dft die Idee grunds\u00e4tzlich. Leider f\u00fchrt die Pfarrei in diesem Jahr Bauma\u00dfnahmen auf ihrem Grundst\u00fcck durch, weshalb wir gezwungen waren teilweise in den \u00f6ffentlichen &hellip;<\/p>\n<p class=\"read-more\"> <a class=\"\" href=\"https:\/\/www.kerbegesellschaft-schwanheim.de\/?page_id=317\"> <span class=\"screen-reader-text\">Schwanheimer Kerb 2023<\/span> Weiterlesen &raquo;<\/a><\/p>\n","protected":false},"author":1,"featured_media":0,"parent":0,"menu_order":0,"comment_status":"closed","ping_status":"closed","template":"","meta":{"site-sidebar-layout":"no-sidebar","site-content-layout":"page-builder","ast-global-header-display":"","ast-main-header-display":"","ast-hfb-above-header-display":"","ast-hfb-below-header-display":"","ast-hfb-mobile-header-display":"","site-post-title":"disabled","ast-breadcrumbs-content":"","ast-featured-img":"disabled","footer-sml-layout":"","theme-transparent-header-meta":"","adv-header-id-meta":"","stick-header-meta":"","header-above-stick-meta":"","header-main-stick-meta":"","header-below-stick-meta":"","footnotes":""},"class_list":["post-317","page","type-page","status-publish","hentry"],"_links":{"self":[{"href":"https:\/\/www.kerbegesellschaft-schwanheim.de\/index.php?rest_route=\/wp\/v2\/pages\/317","targetHints":{"allow":["GET"]}}],"collection":[{"href":"https:\/\/www.kerbegesellschaft-schwanheim.de\/index.php?rest_route=\/wp\/v2\/pages"}],"about":[{"href":"https:\/\/www.kerbegesellschaft-schwanheim.de\/index.php?rest_route=\/wp\/v2\/types\/page"}],"author":[{"embeddable":true,"href":"https:\/\/www.kerbegesellschaft-schwanheim.de\/index.php?rest_route=\/wp\/v2\/users\/1"}],"replies":[{"embeddable":true,"href":"https:\/\/www.kerbegesellschaft-schwanheim.de\/index.php?rest_route=%2Fwp%2Fv2%2Fcomments&post=317"}],"version-history":[{"count":5,"href":"https:\/\/www.kerbegesellschaft-schwanheim.de\/index.php?rest_route=\/wp\/v2\/pages\/317\/revisions"}],"predecessor-version":[{"id":322,"href":"https:\/\/www.kerbegesellschaft-schwanheim.de\/index.php?rest_route=\/wp\/v2\/pages\/317\/revisions\/322"}],"wp:attachment":[{"href":"https:\/\/www.kerbegesellschaft-schwanheim.de\/index.php?rest_route=%2Fwp%2Fv2%2Fmedia&parent=317"}],"curies":[{"name":"wp","href":"https:\/\/api.w.org\/{rel}","templated":true}]}}