{"id":335,"date":"2024-09-09T22:23:09","date_gmt":"2024-09-09T20:23:09","guid":{"rendered":"https:\/\/www.kerbegesellschaft-schwanheim.de\/?page_id=335"},"modified":"2024-09-09T22:44:52","modified_gmt":"2024-09-09T20:44:52","slug":"schwanheimer-kerb-2023","status":"publish","type":"page","link":"https:\/\/www.kerbegesellschaft-schwanheim.de\/?page_id=335","title":{"rendered":"Schwanheimer Kerb 2024"},"content":{"rendered":"\t\t<div data-elementor-type=\"wp-page\" data-elementor-id=\"335\" class=\"elementor elementor-335\" data-elementor-post-type=\"page\">\n\t\t\t\t\t\t\t\t\t<section class=\"elementor-section elementor-top-section elementor-element elementor-element-2f697119 elementor-section-boxed elementor-section-height-default elementor-section-height-default\" data-id=\"2f697119\" data-element_type=\"section\">\n\t\t\t\t\t\t<div class=\"elementor-container elementor-column-gap-default\">\n\t\t\t\t\t<div class=\"elementor-column elementor-col-100 elementor-top-column elementor-element elementor-element-7d106d26\" data-id=\"7d106d26\" data-element_type=\"column\">\n\t\t\t<div class=\"elementor-widget-wrap elementor-element-populated\">\n\t\t\t\t\t\t\t\t<div class=\"elementor-element elementor-element-6092299f elementor-widget elementor-widget-heading\" data-id=\"6092299f\" data-element_type=\"widget\" data-widget_type=\"heading.default\">\n\t\t\t\t<div class=\"elementor-widget-container\">\n\t\t\t<style>\/*! elementor - v3.16.0 - 14-09-2023 *\/\n.elementor-heading-title{padding:0;margin:0;line-height:1}.elementor-widget-heading .elementor-heading-title[class*=elementor-size-]>a{color:inherit;font-size:inherit;line-height:inherit}.elementor-widget-heading .elementor-heading-title.elementor-size-small{font-size:15px}.elementor-widget-heading .elementor-heading-title.elementor-size-medium{font-size:19px}.elementor-widget-heading .elementor-heading-title.elementor-size-large{font-size:29px}.elementor-widget-heading .elementor-heading-title.elementor-size-xl{font-size:39px}.elementor-widget-heading .elementor-heading-title.elementor-size-xxl{font-size:59px}<\/style><h2 class=\"elementor-heading-title elementor-size-default\">Schwanheimer Kerb 2024<\/h2>\t\t<\/div>\n\t\t\t\t<\/div>\n\t\t\t\t\t<\/div>\n\t\t<\/div>\n\t\t\t\t\t\t\t<\/div>\n\t\t<\/section>\n\t\t\t\t<section class=\"elementor-section elementor-top-section elementor-element elementor-element-6bcbe3a6 elementor-section-boxed elementor-section-height-default elementor-section-height-default\" data-id=\"6bcbe3a6\" data-element_type=\"section\">\n\t\t\t\t\t\t<div class=\"elementor-container elementor-column-gap-default\">\n\t\t\t\t\t<div class=\"elementor-column elementor-col-66 elementor-top-column elementor-element elementor-element-1ca17d12\" data-id=\"1ca17d12\" data-element_type=\"column\">\n\t\t\t<div class=\"elementor-widget-wrap elementor-element-populated\">\n\t\t\t\t\t\t\t\t<div class=\"elementor-element elementor-element-bfec56a elementor-widget elementor-widget-text-editor\" data-id=\"bfec56a\" data-element_type=\"widget\" data-widget_type=\"text-editor.default\">\n\t\t\t\t<div class=\"elementor-widget-container\">\n\t\t\t<style>\/*! elementor - v3.16.0 - 14-09-2023 *\/\n.elementor-widget-text-editor.elementor-drop-cap-view-stacked .elementor-drop-cap{background-color:#69727d;color:#fff}.elementor-widget-text-editor.elementor-drop-cap-view-framed .elementor-drop-cap{color:#69727d;border:3px solid;background-color:transparent}.elementor-widget-text-editor:not(.elementor-drop-cap-view-default) .elementor-drop-cap{margin-top:8px}.elementor-widget-text-editor:not(.elementor-drop-cap-view-default) .elementor-drop-cap-letter{width:1em;height:1em}.elementor-widget-text-editor .elementor-drop-cap{float:left;text-align:center;line-height:1;font-size:50px}.elementor-widget-text-editor .elementor-drop-cap-letter{display:inline-block}<\/style>\t\t\t\t<p>Wie in jedem Jahr findet die Familien-Kerb auch 2024 wieder auf dem Freigel\u00e4nde von St. Mauritius und auf der Mauritiusstr. statt.<\/p><p>Aus diesem Grund wird ab Donnerstag, den 19. September 2024 8 Uhr bis Montag, den 23. September 2024 23:59 Uhr die Mauritiusstr. zwischen den Querstra\u00dfen Gerolsteiner Str. und Manderscheider Str. f\u00fcr den Verkehr voll gesperrt. Die endsprechenden Buslinien des \u00d6PNV werden umgeleitet.<\/p><p>Die Tourismus+Congress GmbH der Stadt Frankfurt am Main hat sich 2024 leider erstmalig dazu entschlossen, die Frankfurter Dippemess um eine Woche zu verl\u00e4ngern. Leider findet hierdurch die Dippemess parallel zur Schwanheimer Kerb statt. Ein gro\u00dfer Teil der teilnehmenden Schaustellerbetriebe ist jedoch auch auf der Dipemess vertreten. Trotzdem haben uns alle Schausteller ihre Unterst\u00fctzung f\u00fcr Schwanheim zugesichert. Auch die Tourismus+Congress GmbH hat uns die Unterst\u00fctzung \u00fcber den Schaustellerverband zugesichert. Leider sind Zusicherungen eben oftmals tatenlose Wortklauberei. Die teilnehmenden Schausteller haben alle wirklich ihr bestes gegeben in Schwanheim weiter vertreten sein. Trotz allem gab es aber auch Absagen oder Zusagen nur mit kleineren Fahrgesch\u00e4ften \/ Buden. All das kostet uns viel M\u00fche, Zeit und unn\u00f6tige Arbeit.<\/p><p>Leicht ver\u00e4ndert k\u00f6nnen die Schwanheimer ihre Kerb dann ab Freitag, den 20. September bis Montag, den 23. September 2024 t\u00e4glich von 13 bis 21 Uhr besuchen. Am Samstag wird um 15 Uhr in alter Tradition der Kerbebaum gestellt. Am Sonntag findet um 11 Uhr der Kirchweihgottesdienst in St. Mauritius statt und es spielt im Anschlu\u00df bereits ab 12 Uhr der Orchesterverein Schwanheim zu einem Fr\u00fchschoppen.<\/p><p>Die Kerbegesellschaft Schwanheim e.V. organisiert dieses Fest f\u00fcr alle Schwanheimer ehrenamtlich und ohne gewinnerzielungsabsicht. Am Kerbemontag wurden durch uns und die teilnehmenden Schaustellerbetriebe auch wieder alle \u00f6rtlichen Kinderbetreuungseinrichtungen zu einem kostenfreien Besuch eingeladen. Durch diese Einladung versuchen wir allen Kindern einen Besuch der Kerb zu erm\u00f6glichen.<\/p><p>Einen gro\u00dfen Dank f\u00fcr 2024 m\u00f6chte der Vorstand erneut allen Kerbeburschen, der katholischen Kirchengemeinde St. Jakobus mit ihrem Pfarrer Werner Portugal, den beteiligten Schaustellern,\u00a0 sowie den untert\u00fctzenden Unternehmen aussprechen.<\/p>\t\t\t\t\t\t<\/div>\n\t\t\t\t<\/div>\n\t\t\t\t\t<\/div>\n\t\t<\/div>\n\t\t\t\t<div class=\"elementor-column elementor-col-33 elementor-top-column elementor-element elementor-element-1c38267f\" data-id=\"1c38267f\" data-element_type=\"column\">\n\t\t\t<div class=\"elementor-widget-wrap elementor-element-populated\">\n\t\t\t\t\t\t\t\t<div class=\"elementor-element elementor-element-4b0bd849 elementor-widget elementor-widget-image\" data-id=\"4b0bd849\" data-element_type=\"widget\" data-widget_type=\"image.default\">\n\t\t\t\t<div class=\"elementor-widget-container\">\n\t\t\t<style>\/*! elementor - v3.16.0 - 14-09-2023 *\/\n.elementor-widget-image{text-align:center}.elementor-widget-image a{display:inline-block}.elementor-widget-image a img[src$=\".svg\"]{width:48px}.elementor-widget-image img{vertical-align:middle;display:inline-block}<\/style>\t\t\t\t\t\t\t\t\t\t\t\t<img loading=\"lazy\" decoding=\"async\" width=\"768\" height=\"1152\" src=\"https:\/\/www.kerbegesellschaft-schwanheim.de\/wp-content\/uploads\/2022\/06\/IMG_3323-768x1152.jpg\" class=\"attachment-medium_large size-medium_large wp-image-285\" alt=\"\" srcset=\"https:\/\/www.kerbegesellschaft-schwanheim.de\/wp-content\/uploads\/2022\/06\/IMG_3323-768x1152.jpg 768w, https:\/\/www.kerbegesellschaft-schwanheim.de\/wp-content\/uploads\/2022\/06\/IMG_3323-200x300.jpg 200w, https:\/\/www.kerbegesellschaft-schwanheim.de\/wp-content\/uploads\/2022\/06\/IMG_3323-683x1024.jpg 683w, https:\/\/www.kerbegesellschaft-schwanheim.de\/wp-content\/uploads\/2022\/06\/IMG_3323-1024x1536.jpg 1024w, https:\/\/www.kerbegesellschaft-schwanheim.de\/wp-content\/uploads\/2022\/06\/IMG_3323-1365x2048.jpg 1365w, https:\/\/www.kerbegesellschaft-schwanheim.de\/wp-content\/uploads\/2022\/06\/IMG_3323-scaled.jpg 1707w\" sizes=\"auto, (max-width: 768px) 100vw, 768px\" \/>\t\t\t\t\t\t\t\t\t\t\t\t\t\t\t<\/div>\n\t\t\t\t<\/div>\n\t\t\t\t\t<\/div>\n\t\t<\/div>\n\t\t\t\t\t\t\t<\/div>\n\t\t<\/section>\n\t\t\t\t\t\t\t<\/div>\n\t\t","protected":false},"excerpt":{"rendered":"<p>Schwanheimer Kerb 2024 Wie in jedem Jahr findet die Familien-Kerb auch 2024 wieder auf dem Freigel\u00e4nde von St. Mauritius und auf der Mauritiusstr. statt. Aus diesem Grund wird ab Donnerstag, den 19. September 2024 8 Uhr bis Montag, den 23. September 2024 23:59 Uhr die Mauritiusstr. zwischen den Querstra\u00dfen Gerolsteiner Str. und Manderscheider Str. f\u00fcr &hellip;<\/p>\n<p class=\"read-more\"> <a class=\"\" href=\"https:\/\/www.kerbegesellschaft-schwanheim.de\/?page_id=335\"> <span class=\"screen-reader-text\">Schwanheimer Kerb 2024<\/span> Weiterlesen &raquo;<\/a><\/p>\n","protected":false},"author":1,"featured_media":0,"parent":0,"menu_order":0,"comment_status":"closed","ping_status":"closed","template":"","meta":{"site-sidebar-layout":"no-sidebar","site-content-layout":"page-builder","ast-global-header-display":"","ast-main-header-display":"","ast-hfb-above-header-display":"","ast-hfb-below-header-display":"","ast-hfb-mobile-header-display":"","site-post-title":"disabled","ast-breadcrumbs-content":"","ast-featured-img":"disabled","footer-sml-layout":"","theme-transparent-header-meta":"","adv-header-id-meta":"","stick-header-meta":"","header-above-stick-meta":"","header-main-stick-meta":"","header-below-stick-meta":"","footnotes":""},"class_list":["post-335","page","type-page","status-publish","hentry"],"_links":{"self":[{"href":"https:\/\/www.kerbegesellschaft-schwanheim.de\/index.php?rest_route=\/wp\/v2\/pages\/335","targetHints":{"allow":["GET"]}}],"collection":[{"href":"https:\/\/www.kerbegesellschaft-schwanheim.de\/index.php?rest_route=\/wp\/v2\/pages"}],"about":[{"href":"https:\/\/www.kerbegesellschaft-schwanheim.de\/index.php?rest_route=\/wp\/v2\/types\/page"}],"author":[{"embeddable":true,"href":"https:\/\/www.kerbegesellschaft-schwanheim.de\/index.php?rest_route=\/wp\/v2\/users\/1"}],"replies":[{"embeddable":true,"href":"https:\/\/www.kerbegesellschaft-schwanheim.de\/index.php?rest_route=%2Fwp%2Fv2%2Fcomments&post=335"}],"version-history":[{"count":10,"href":"https:\/\/www.kerbegesellschaft-schwanheim.de\/index.php?rest_route=\/wp\/v2\/pages\/335\/revisions"}],"predecessor-version":[{"id":346,"href":"https:\/\/www.kerbegesellschaft-schwanheim.de\/index.php?rest_route=\/wp\/v2\/pages\/335\/revisions\/346"}],"wp:attachment":[{"href":"https:\/\/www.kerbegesellschaft-schwanheim.de\/index.php?rest_route=%2Fwp%2Fv2%2Fmedia&parent=335"}],"curies":[{"name":"wp","href":"https:\/\/api.w.org\/{rel}","templated":true}]}}