{"id":6,"date":"2021-09-07T10:33:41","date_gmt":"2021-09-07T08:33:41","guid":{"rendered":"https:\/\/www.kerbegesellschaft-schwanheim.de\/?page_id=6"},"modified":"2023-09-18T11:54:58","modified_gmt":"2023-09-18T09:54:58","slug":"schwanheimer-kerb","status":"publish","type":"page","link":"https:\/\/www.kerbegesellschaft-schwanheim.de\/?page_id=6","title":{"rendered":"Schwanheimer Kerb"},"content":{"rendered":"<p><iframe scrolling=\"no\" src=\"event.php\"><\/iframe><\/p>\n<p>Trotz anhaltender Coronapandemie und damit einhergehender Probleme bei der Planung von gr\u00f6\u00dferen Veranstaltungen erm\u00f6glicht die Kerbegesellschaft Schwanheim e.V. den Schwanheimer wieder eine Kerb. Unser Ziel war es, die bekannte Familienkerb m\u00f6glichst wie gewohnt anzubieten. Aufgrund der derzeitigen rechtlichen Vorgaben mussten wir hierf\u00fcr leider das Veranstaltungsgel\u00e4nde wechseln. Die Kerb findet deshalb<\/p>\n<p style=\"text-align: center;\"><strong>von Freitag, den 24. September 2021 bis Montag, den 27. September 2021<\/strong><br \/>\n<strong>auf dem Freigel\u00e4nde der kath. Kirche St. Mauritius<br \/>\nMauritiusstr. 10 &#8211; 14<br \/>\n<\/strong><\/p>\n<p>statt. Sie k\u00f6nnen das Gel\u00e4nde t\u00e4glich zwischen 13 Uhr und 21 Uhr besuchen. Am Sonntag, den 26. September \u00f6ffnen wir bereits um 11:15 Uhr zu einem Fr\u00fchschoppen. Am Montag, den 27. September ist Familientag mit verg\u00fcnstigten Preisen. Ihre Kinder k\u00f6nnen die Veranstaltung gerne auch alleine oder mit ihren Freunden besuchen.<\/p>\n<p>Die g\u00e4ngisten Fragen beantworten wir Ihnen in unserem <a href=\"#questions\">Frage-Antwort-Bereich<\/a>.<br \/>\nPrevious<br \/>\nNext<\/p>\n<p>Wir konnten fast alle bekannten Schausteller und Buden, welche letztmals 2019 in Schwanheim zur Kerb anwesend waren, wieder f\u00fcr eine Teilnahme gewinnen. Es wird also ein Freifallturm (&#8222;Freefall-Tower&#8220;) nutzbar sein, ebenso wie ein Kinderkarussell und eine Bungee-Jump-Einrichtung.<\/p>\n<p><img decoding=\"async\" width=\"1024\" height=\"723\" src=\"https:\/\/www.kerbegesellschaft-schwanheim.de\/wp-content\/uploads\/2021\/09\/GoogleMaps-1024x723.jpg\" alt=\"\" loading=\"lazy\" srcset=\"https:\/\/www.kerbegesellschaft-schwanheim.de\/wp-content\/uploads\/2021\/09\/GoogleMaps-1024x723.jpg 1024w, https:\/\/www.kerbegesellschaft-schwanheim.de\/wp-content\/uploads\/2021\/09\/GoogleMaps-300x212.jpg 300w, https:\/\/www.kerbegesellschaft-schwanheim.de\/wp-content\/uploads\/2021\/09\/GoogleMaps-768x542.jpg 768w, https:\/\/www.kerbegesellschaft-schwanheim.de\/wp-content\/uploads\/2021\/09\/GoogleMaps-1536x1085.jpg 1536w, https:\/\/www.kerbegesellschaft-schwanheim.de\/wp-content\/uploads\/2021\/09\/GoogleMaps-2048x1446.jpg 2048w\" sizes=\"auto, (max-width: 1024px) 100vw, 1024px\" \/><\/p>\n<p>Wir haben uns gro\u00dfe M\u00fche gegeben die Veranstaltung f\u00fcr Sie, als auch f\u00fcr Ihre Kinder m\u00f6glichst sicher zu gestalten. Die Gr\u00f6\u00dfe des Gel\u00e4ndes und entsprechende Vorkehrungen auf dem Gel\u00e4nde wie Abstandsmarkierungen oder Einbahnstra\u00dfensysteme lassen jederzeit die Wahl eines gen\u00fcgend gro\u00dfen Abstands zu Fremden zu. Der Eingang zum Gel\u00e4nde erfolgt \u00fcber das Hoftor Mauritiusstr. 14. Der Ausgang \u00fcber das Tor Mauritiusstr. 10. F\u00fcr beide Tore kann der vorhandene Fu\u00dfg\u00e4nger\u00fcberweg genutzt werden. Das dortige Tor ist allerdings verschlossen. Es befinden sich ausreichend Hinweisschilder Vor-Ort, welche Sie leiten werden.<\/p>\n<p><img decoding=\"async\" width=\"1024\" height=\"723\" src=\"https:\/\/www.kerbegesellschaft-schwanheim.de\/wp-content\/uploads\/2021\/09\/GoogleMaps-1024x723.jpg\" alt=\"\" loading=\"lazy\" srcset=\"https:\/\/www.kerbegesellschaft-schwanheim.de\/wp-content\/uploads\/2021\/09\/GoogleMaps-1024x723.jpg 1024w, https:\/\/www.kerbegesellschaft-schwanheim.de\/wp-content\/uploads\/2021\/09\/GoogleMaps-300x212.jpg 300w, https:\/\/www.kerbegesellschaft-schwanheim.de\/wp-content\/uploads\/2021\/09\/GoogleMaps-768x542.jpg 768w, https:\/\/www.kerbegesellschaft-schwanheim.de\/wp-content\/uploads\/2021\/09\/GoogleMaps-1536x1085.jpg 1536w, https:\/\/www.kerbegesellschaft-schwanheim.de\/wp-content\/uploads\/2021\/09\/GoogleMaps-2048x1446.jpg 2048w\" sizes=\"auto, (max-width: 1024px) 100vw, 1024px\" \/><\/p>\n<p>Aufgrund der derzeitigen Pandemiesituation gibt es allerdings einige rechtliche Rahmenbedingungen und beh\u00f6rdliche Auflagen:<\/p>\n<p><img decoding=\"async\" width=\"150\" height=\"150\" src=\"https:\/\/www.kerbegesellschaft-schwanheim.de\/wp-content\/uploads\/2021\/09\/Abstand_halten_150cm-150x150.png\" alt=\"\" loading=\"lazy\" srcset=\"https:\/\/www.kerbegesellschaft-schwanheim.de\/wp-content\/uploads\/2021\/09\/Abstand_halten_150cm-150x150.png 150w, https:\/\/www.kerbegesellschaft-schwanheim.de\/wp-content\/uploads\/2021\/09\/Abstand_halten_150cm-300x300.png 300w, https:\/\/www.kerbegesellschaft-schwanheim.de\/wp-content\/uploads\/2021\/09\/Abstand_halten_150cm-1024x1024.png 1024w, https:\/\/www.kerbegesellschaft-schwanheim.de\/wp-content\/uploads\/2021\/09\/Abstand_halten_150cm-768x768.png 768w, https:\/\/www.kerbegesellschaft-schwanheim.de\/wp-content\/uploads\/2021\/09\/Abstand_halten_150cm.png 1128w\" sizes=\"auto, (max-width: 150px) 100vw, 150px\" \/><br \/>\nDie maximale Besucherzahl auf dem Gel\u00e4nde ist beh\u00f6rdlich limitiert. Sie<br \/>\nk\u00f6nnen die aktuelle Auslastung des Gel\u00e4ndes vor ihrem Besuch jederzeit<br \/>\nlive \u00fcber diese Website pr\u00fcfen. Aufgrund der Gr\u00f6\u00dfe und Beschaffenheit<br \/>\ndes Gel\u00e4ndes k\u00f6nnen wir eine f\u00fcr Pandemiezeiten recht gro\u00dfe Zahl an<br \/>\nBesuchern einlassen; in den Sto\u00dfzeiten kann es aber ggf. zu einem<br \/>\nEinlassstop kommen. Wir bitten Sie um Verst\u00e4ndnis und um R\u00fccksicht.<br \/>\nNutzen Sie bitte die sozialen Medien und diese Website, um sich vor<br \/>\nIhrem Besuch zu informieren.<br \/>\n<img decoding=\"async\" width=\"150\" height=\"150\" src=\"https:\/\/www.kerbegesellschaft-schwanheim.de\/wp-content\/uploads\/2021\/09\/Abstand_halten_150cm-150x150.png\" alt=\"\" loading=\"lazy\" srcset=\"https:\/\/www.kerbegesellschaft-schwanheim.de\/wp-content\/uploads\/2021\/09\/Abstand_halten_150cm-150x150.png 150w, https:\/\/www.kerbegesellschaft-schwanheim.de\/wp-content\/uploads\/2021\/09\/Abstand_halten_150cm-300x300.png 300w, https:\/\/www.kerbegesellschaft-schwanheim.de\/wp-content\/uploads\/2021\/09\/Abstand_halten_150cm-1024x1024.png 1024w, https:\/\/www.kerbegesellschaft-schwanheim.de\/wp-content\/uploads\/2021\/09\/Abstand_halten_150cm-768x768.png 768w, https:\/\/www.kerbegesellschaft-schwanheim.de\/wp-content\/uploads\/2021\/09\/Abstand_halten_150cm.png 1128w\" sizes=\"auto, (max-width: 150px) 100vw, 150px\" \/><br \/>\n<img decoding=\"async\" width=\"150\" height=\"150\" src=\"https:\/\/www.kerbegesellschaft-schwanheim.de\/wp-content\/uploads\/2021\/09\/Medizinische_Maskenpflicht-150x150.png\" alt=\"\" loading=\"lazy\" srcset=\"https:\/\/www.kerbegesellschaft-schwanheim.de\/wp-content\/uploads\/2021\/09\/Medizinische_Maskenpflicht-150x150.png 150w, https:\/\/www.kerbegesellschaft-schwanheim.de\/wp-content\/uploads\/2021\/09\/Medizinische_Maskenpflicht-300x300.png 300w, https:\/\/www.kerbegesellschaft-schwanheim.de\/wp-content\/uploads\/2021\/09\/Medizinische_Maskenpflicht-1024x1024.png 1024w, https:\/\/www.kerbegesellschaft-schwanheim.de\/wp-content\/uploads\/2021\/09\/Medizinische_Maskenpflicht-768x768.png 768w, https:\/\/www.kerbegesellschaft-schwanheim.de\/wp-content\/uploads\/2021\/09\/Medizinische_Maskenpflicht-1536x1536.png 1536w, https:\/\/www.kerbegesellschaft-schwanheim.de\/wp-content\/uploads\/2021\/09\/Medizinische_Maskenpflicht-2048x2048.png 2048w\" sizes=\"auto, (max-width: 150px) 100vw, 150px\" \/><\/p>\n<p>In den Warteschlangen der Fahrgesch\u00e4fte und den Fahrgesch\u00e4ften selbst sowie im Eingangsbereich zur Veranstaltung und den sanit\u00e4ren Anlagen herscht eine Pflicht zum Tragen einer medizinischen Maske. Das kann ein chirurgischer Mundschutz, eine FFP2-Maske oder eine vergleichbare Maske (KN95, N95) sein. F\u00fcr Kinder unter 6 Jahren besteht diese Pflicht nicht. Sie werden durch entsprechende Hinweisschilder auf die Bereiche hingewiesen, in denen ein Mundschutz verpflichtend getragen werden muss.<\/p>\n<p><img decoding=\"async\" width=\"150\" height=\"150\" src=\"https:\/\/www.kerbegesellschaft-schwanheim.de\/wp-content\/uploads\/2021\/09\/symbol-zutritt-getestete-geimpfte-genesene-mit-nachweis-150x150.png\" alt=\"\" loading=\"lazy\" srcset=\"https:\/\/www.kerbegesellschaft-schwanheim.de\/wp-content\/uploads\/2021\/09\/symbol-zutritt-getestete-geimpfte-genesene-mit-nachweis-150x150.png 150w, https:\/\/www.kerbegesellschaft-schwanheim.de\/wp-content\/uploads\/2021\/09\/symbol-zutritt-getestete-geimpfte-genesene-mit-nachweis-300x300.png 300w, https:\/\/www.kerbegesellschaft-schwanheim.de\/wp-content\/uploads\/2021\/09\/symbol-zutritt-getestete-geimpfte-genesene-mit-nachweis.png 500w\" sizes=\"auto, (max-width: 150px) 100vw, 150px\" \/><\/p>\n<p>Aufgrund der hohen Inzidenz in Frankfurt am Main und der zugeh\u00f6rigen Allgemeinverf\u00fcgung der Stadt Frankfurt am Main d\u00fcrfen wir nur Besucher mit Negativnachweis einlassen. Diese Regelung gilt nicht f\u00fcr Kinder unter 6 Jahren. Alle Besucher \u00e4lter 6 Jahre m\u00fcssen also einen Negativnachweis vorweisen; einzige Ausnahme sind noch nicht eingeschulte Kinder \u00fcber 6 Jahren. Ein Negativnachweis kann entweder ein Impfnachweis, ein Genesennachweis oder ein Testnachweis sein. Wir akzeptieren digitale Nachweise genauso wie die Papierversion. F\u00fcr Sch\u00fcler ist es ausreichend ihr Testheft aus der Schule vorzulegen. Dieses Testheft ist besonders: Es gen\u00fcgt, dass der Sch\u00fcler oder die Sch\u00fclerin an den schulischen Tests generell teilnimmt; der Test muss explizit nicht 24 oder 48 Stunden alt sein. Er darf \u00e4lter sein. F\u00fcr B\u00fcrgertests gilt die Vorlage eines max. 24 Stunden alten Antigen-Schnelltests oder max. 48 Stunden alten PCR-Tests als ausreichend. Alle Kinder, Sch\u00fcler, Geimpfte oder Genesene brauchen ihren Nachweis nur einmalig vorzeigen. Sie erhalten von uns ein Einlassband, welches eine eindeutige Referenz zu Ihrem Nachweis erm\u00f6glicht. Besuchen Sie die Kerb mehrmals brauchen Sie nur ihr Einlassband vorzeigen. Sollten Sie ihr Einlassband verlieren m\u00fcssen Sie ihren Nachweis erneut vorzeigen.<\/p>\n<p><img decoding=\"async\" width=\"150\" height=\"150\" src=\"https:\/\/www.kerbegesellschaft-schwanheim.de\/wp-content\/uploads\/2021\/09\/symbol-zutritt-getestete-geimpfte-genesene-mit-nachweis-150x150.png\" alt=\"\" loading=\"lazy\" srcset=\"https:\/\/www.kerbegesellschaft-schwanheim.de\/wp-content\/uploads\/2021\/09\/symbol-zutritt-getestete-geimpfte-genesene-mit-nachweis-150x150.png 150w, https:\/\/www.kerbegesellschaft-schwanheim.de\/wp-content\/uploads\/2021\/09\/symbol-zutritt-getestete-geimpfte-genesene-mit-nachweis-300x300.png 300w, https:\/\/www.kerbegesellschaft-schwanheim.de\/wp-content\/uploads\/2021\/09\/symbol-zutritt-getestete-geimpfte-genesene-mit-nachweis.png 500w\" sizes=\"auto, (max-width: 150px) 100vw, 150px\" \/><br \/>\nPrevious<br \/>\nNext<\/p>\n<p>Die Kerbegesellschaft Schwanheim e.V. ist ein gemeinn\u00fctziger Verein. Das bedeutet, wir handeln nicht mit einer Gewinnerzielungsabsicht, sondern ausschlie\u00dflich f\u00fcr Sie &#8211; die Schwanheimer Bev\u00f6lkerung. Das tun wir ehrenamtlich und in unserer Freizeit mit enormem Arbeitsaufwand. Wir bitten Sie dies zu bedenken und zu beachten. Insbesondere weisen wir darauf hin, dass wir weder f\u00fcr die rechtlichen Rahmenbedingungen, noch die Pandemie verantwortlich sind. Wie Ihnen bereits aus den Medien der letzen 1,5 Jahre bekannt sein d\u00fcrfte haben auch die Schausteller keine gute Zeit durchlebt; wir sind froh, diese wieder f\u00fcr unsere Kerb gewonnen zu haben. Die Schwanheimer Kerb ist eine im Vergleich recht kleine Veranstaltung und eine der letzten verbliebenen Stadtteil-Kerben in Frankfurt am Main.<\/p>\n<h2>Fragen<\/h2>\n<h3>Pandemie &#038; Hygiene<\/h3>\n<p><a href=\"#answer1\">Brauche ich einen Termin um die Kerb zu besuchen?<\/a><a href=\"#answer2\">Muss ich Vor-Ort meine Kontaktdaten angeben?<\/a><a href=\"#answer3\">Ben\u00f6tige ich einen 3G-Nachweis um die Kerb zu besuchen?<\/a><a href=\"#answer3\">Welche Nachweise werden akzeptiert?<\/a><a href=\"#answer4\">Ben\u00f6tige ich einen Mund-Nasen-Schutz?<\/a><a href=\"#answer5\">Was ist mit Kindern &gt; 6 Jahren, die noch nicht die Schule besuchen?<\/a><a href=\"#answer3\">Was ist mit Kindergartenkindern (&lt; 6 Jahre)?<\/a><br \/>\n<a href=\"#answer7\">Kann mein Kind die Kerb alleine oder mit Freunden besuchen?<\/a><a href=\"#answer21\">Was ist, wenn ich mein Negativnachweis ung\u00fcltig ist?<\/a><a href=\"#answer6\">Warum macht ihr so ein Geschiss?<\/a><\/p>\n<h3>Fahrgesch\u00e4fte &#038; Verpflegung<\/h3>\n<p><a href=\"#answer8\">Welche Fahrgesch\u00e4fte gibt es?<\/a><a href=\"#answer9\">Gibt es einen Autoscooter?<\/a><a href=\"#answer10\">Gibt es einen Freefall-Tower?<\/a><a href=\"#answer11\">Welche Verpflegungsst\u00e4nde nehmen Teil?<\/a><a href=\"#answer12\">Gibt es Sitzm\u00f6glichkeiten?<\/a><\/p>\n<h3>Weiteres<\/h3>\n<p><a href=\"#answer13\">Gibt es musikalische Unterhaltung?<\/a><br \/>\n<a href=\"#answer14\">Gibt es sanit\u00e4re Anlagen?<\/a><br \/>\n<a href=\"#answer15\">Wann beginnt die Kerb?<\/a><br \/>\n<a href=\"#answer15\">Wie sind die \u00d6ffnungszeiten?<\/a><br \/>\n<a href=\"#answer16\">Wird ein Kerbebaum gestellt?<\/a><br \/>\n<a href=\"#answer17\">Ich m\u00f6chte nicht zur Kerb. Kann ich die Kirche besuchen?<\/a><br \/>\n<a href=\"#answer18\">Ich m\u00f6chte nicht zur Kerb. Wie komme ich zum Pfarrb\u00fcro?<\/a><br \/>\n<a href=\"#answer19\">Kann ich mit dem Fahrrad anreisen?<\/a><br \/>\n<a href=\"#answer20\">Gibt es Parkpl\u00e4tze f\u00fcr eine Anreise mit dem Auto?<\/a><\/p>\n<h2>Antworten<\/h2>\n<h4>Brauche ich einen Termin um die Kerb zu besuchen?<\/h4>\n<p>Nein. Sie k\u00f6nnen w\u00e4hrend der \u00d6ffnungszeiten (13 Uhr bis 21 Uhr; Sonntags ab 11:15 Uhr) kommen und gehen, wie es Ihnen beliebt und Sie es von der Kerb gewohnt sind. Bitte informieren Sie sich vor den Sto\u00dfzeiten \u00fcber die Auslastung des Gel\u00e4ndes live auf dieser Website.<\/p>\n<p><a href=\"#questions\">Zur\u00fcck zu den Fragen<\/a><\/p>\n<h4>Muss ich Vor-Ort meine Kontaktdaten angeben?<\/h4>\n<p>Nein.<\/p>\n<p><a href=\"#questions\">Zur\u00fcck zu den Fragen<\/a><\/p>\n<h4>Ben\u00f6tige ich einen 3G-Nachweis um die Kerb zu besuchen?<\/h4>\n<p>Nein.<\/p>\n<p><a href=\"#questions\">Zur\u00fcck zu den Fragen<\/a><\/p>\n<p>Ja. Ma\u00dfgeblich hierf\u00fcr ist das Landesgesetz (\u00a7 3 CoSchuV). Sie ben\u00f6tigen vereinfacht einen der folgenden Negativnachweise:<\/p>\n<ul>\n<li>G\u00fcltiger Impfnachweis: Nachweis \u00fcber eine abgeschlossene Impfserie\n<ul>\n<li>Regul\u00e4re Impfserie mit letzter Impfung \u00e4lter 14 Tage<\/li>\n<li>Gensenennachweis zzgl. einmalige Impfung ohne Mindestalter der Impfung<\/li>\n<\/ul>\n<\/li>\n<li>G\u00fcltiger Genesennachweis nicht \u00e4lter 6 Monate und nicht j\u00fcnger 28 Tage<\/li>\n<li>G\u00fcltiger Testnachweis\n<ul>\n<li>B\u00fcrgertest als Antigen-Schnelltest nicht \u00e4lter 24 Stunden<\/li>\n<li>Eigenanwendung als Antigen-Schnelltest f\u00fcr das Personal an Schulen nicht \u00e4lter 24 Stunden<\/li>\n<li>Betriebliche Testung als Antigen-Schnelltest nicht \u00e4lter 24 Stunden<\/li>\n<li>PCR-Test nicht \u00e4lter 48 Stunden<\/li>\n<\/ul>\n<\/li>\n<li>Testheftchen f\u00fcr Sch\u00fcler und Studenten welches eine regelm\u00e4\u00dfige Teilnahme an den Schultests zeigt<\/li>\n<\/ul>\n<p>Kinder unter 6 Jahre sind hiervon ausgenommen und ben\u00f6tigen keinen Negativnachweis vorzulegen. Kinder \u00fcber 6 Jahren, welche noch nicht eingeschult wurden sind gem. Kommentar der Landesregierung zur CoSchuV ebenfalls ausgenommen.<br \/>\nWir akzeptieren die Vorlage digitaler Nachweise genauso wie die Papierform.<br \/>\n<a href=\"#questions\">Zur\u00fcck zu den Fragen<\/a><\/p>\n<h4>Ben\u00f6tige ich einen Mund-Nasen-Schutz?<\/h4>\n<p>Ja. F\u00fcr einzelne Bereiche ben\u00f6tigen Sie eine Medizinische Maske. Bei diesen Bereichen handelt es sich um die Warteschlangen vor den St\u00e4nden, den Ein- und Ausgangsbereich des Gel\u00e4ndes, die Fahrgesch\u00e4fte und die sanit\u00e4ren Anlagen. Bitte bringen Sie sich eine Medizinische Maske mit. Notfalls k\u00f6nnen Sie eine solche auch Vor-Ort erwerben. Als Medizinische Masken gilt ein chirurgischer Mundschutz oder eine FFP2-Maske bzw. deren vergleichbare Pendants (KN95, N95). Ein so genannter Community-Mundschutz ist nicht ausreichend.<\/p>\n<p><a href=\"#questions\">Zur\u00fcck zu den Fragen<\/a><\/p>\n<h4>Was ist mit Kindern > 6 Jahren, die noch nicht die Schule besuchen?<\/h4>\n<p>Es ist kein Negativnachweis erforderlich.<\/p>\n<p><a href=\"#questions\">Zur\u00fcck zu den Fragen<\/a>Gem\u00e4\u00df Kommentar der Landesregierung zu \u00a7 3 Abs. 1 S. 2 CoSchuV vom 20. August 2021 sind auch Kinder \u00fcber 6 Jahren, welche noch nicht eingeschult sind, von der Pflicht zur Vorlage eines Negativnachweises befreit.<br \/>\n<a href=\"#questions\">Zur\u00fcck zu den Fragen<\/a><\/p>\n<h4>Kann mein Kind die Kerb alleine oder mit Freunden besuchen?<\/h4>\n<p>Ja.&nbsp;Ihr Kind muss keinen Negativnachweis vorlegen.<\/p>\n<p><a href=\"#questions\">Zur\u00fcck zu den Fragen<\/a><\/p>\n<h4>Was ist, wenn ich mein Negativnachweis ung\u00fcltig ist?<\/h4>\n<p>Es ist kein Negativnachweis erforderlich.<\/p>\n<p><a href=\"#questions\">Zur\u00fcck zu den Fragen<\/a><\/p>\n<p>Ohne g\u00fcltigen Negativnachweis d\u00fcrfen Sie das Gel\u00e4nde nicht betreten.<\/p>\n<p>Wir bieten Ihnen allerdings in Ausnahmef\u00e4llen an, dass Sie sich Vor-Ort unter unserer Aufsicht selbst testen. Dies ist gesetzlich m\u00f6glich, stellt f\u00fcr uns allerdings einen hohen Aufwand dar. Wir richten hierf\u00fcr eine getrennte Testzone ein, um andere Besucher w\u00e4hrend der Durchf\u00fchrung des Tests nicht zu gef\u00e4hrden. Die hierf\u00fcr notwendigen Antigen-Schnelltests k\u00f6nnen Sie Vor-Ort gegen einen Unkostenbeitrag erwerben. Sie k\u00f6nnen gern auch einen eigenen, zertifizierten Antigen-Schnelltest mitbringen. Bitte beachten Sie, dass unser Vorrat limiiert ist und wir mitgebrachte Tests im Zweifel auch ohne Begr\u00fcndung ablehnen k\u00f6nnen.<\/p>\n<p><a href=\"#questions\">Zur\u00fcck zu den Fragen<\/a><\/p>\n<h4>Warum macht ihr so ein Geschiss?<\/h4>\n<p>Wir sind nicht f\u00fcr die rechtlichen Rahmenbedingungen verantwortlich, sondern an Recht und Gesetz gebunden. Dies sind neben dem IfSG des Bundes, der CoSchuV des Landes Hessen auch Allgemeinverf\u00fcgungen der Stadt Frankfurt am Main und beh\u00f6rdliche Auflagen des Gesundheitsamtes der Stadt Frankfurt am Main.<\/p>\n<p><a href=\"#questions\">Zur\u00fcck zu den Fragen<\/a><\/p>\n<h4>Welche Fahrgesch\u00e4fte gibt es?<\/h4>\n<p>Es wird ein Kinderkarussell geben als auch einen Freefall-Tower und ein Bugee-Jump. Weitere Attraktionen befinden sich in Abstimmung.<\/p>\n<p><a href=\"#questions\">Zur\u00fcck zu den Fragen<\/a><\/p>\n<h4>Gibt es einen Autoscooter?<\/h4>\n<p>Nein.<\/p>\n<p><a href=\"#questions\">Zur\u00fcck zu den Fragen<\/a><\/p>\n<h4>Gibt es einen Freefall-Tower?<\/h4>\n<p>Ja.<\/p>\n<p><a href=\"#questions\">Zur\u00fcck zu den Fragen<\/a><\/p>\n<h4>Welche Verpflegungsst\u00e4nde nehmen Teil?<\/h4>\n<p>Es wird den bekannten Imbiss mit Burgern, Nierenspie\u00dfen, etc. geben. Au\u00dferdem wird es Slush-Ice geben, sowie einen Cr\u00eapes-Stand. F\u00fcr S\u00fc\u00dfigkeiten wie gebrannte Mandeln, N\u00fcsse, Popcorn und Zuckerwatte wird es ebenfalls den bekannten Stand geben.<\/p>\n<p>Nach derzeitiger Planung wird auch die Road-Kitchen der KJG Schwanheim Waren feil bieten und Sonntags gibt es Cocktail-Angebot, dessen Einnahmen einem guten Zweck zukommen.<\/p>\n<p><a href=\"#questions\">Zur\u00fcck zu den Fragen<\/a><\/p>\n<h4>Gibt es Sitzm\u00f6glichkeiten?<\/h4>\n<p>Es gibt einen ausreichend gro\u00dfen Sitzbereich, in welchem Sie sitzen und essen k\u00f6nnen. Sie m\u00fcssen dort nicht erneut Ihre Kontaktdaten angeben. Es wird Ihnen m\u00f6glich sein zwischen den Tischen gen\u00fcgend Abstand zu halten. Der Sitzbereich wird in Form eines Biergartens eingerichtet.<\/p>\n<p><a href=\"#questions\">Zur\u00fcck zu den Fragen<\/a><\/p>\n<h4>Gibt es musikalische Unterhaltung?<\/h4>\n<p>Ja. Neben der musikalischen Untermalung durch die Fahrgesch\u00e4fte wird am Sonntag zum Fr\u00fchschoppen der Orchesterverein spielen.<\/p>\n<p><a href=\"#questions\">Zur\u00fcck zu den Fragen<\/a><\/p>\n<h4>Gibt es sanit\u00e4re Anlagen?<\/h4>\n<p>Ja. Es wird einen Toilettenwagen geben, sowie Handwaschbecken im Freien. Die Handwaschbecken werden mit ausreichend Seife und Desinfektionsmittel ausgestattet. Aufgrund der Platzierung im Freien ist das Einhalten von Abst\u00e4nden zueinander problemlos m\u00f6glich.<\/p>\n<p><a href=\"#questions\">Zur\u00fcck zu den Fragen<\/a><\/p>\n<h4>Wann beginnt die Kerb? Wie sind die \u00d6ffnungszeiten?<\/h4>\n<p>Die Kerb beginnt am Freitag, den 24. September um 13 Uhr und endet am Montag, den 27. September um 21 Uhr. Ihr k\u00f6nnt die Kerb jeden Tag von 13 bis 21 Uhr besuchen. Am Sonntag, den 26. September gibt es bereits ab 11:30 Uhr einen Fr\u00fchschoppen.<\/p>\n<p><a href=\"#questions\">Zur\u00fcck zu den Fragen<\/a><\/p>\n<h4>Wird ein Kerbebaum gestellt?<\/h4>\n<p>Nat\u00fcrlich. Und zwar direkt auf dem Freigel\u00e4nde. Das Baumstellen findet statt am Samstag, den 25. September um 15 Uhr und kann auch von den B\u00fcrgersteigen auf der Mauritiusstr. verfolgt werden.<\/p>\n<p><a href=\"#questions\">Zur\u00fcck zu den Fragen<\/a><\/p>\n<h4>Ich m\u00f6chte nicht zur Kerb. Kann ich die Kirche besuchen?<\/h4>\n<p>Die Kirche selbst ist auch au\u00dferhalb der Kerb nicht jederzeit ge\u00f6ffnet. Bitte wenden Sie sich bez\u00fcglich weiterer Informationen an die Pfarrgemeinde St. Jakobus.<\/p>\n<p><a href=\"#questions\">Zur\u00fcck zu den Fragen<\/a><\/p>\n<h4>Ich m\u00f6chte nicht zur Kerb. Wie komme ich zum Pfarrb\u00fcro?<\/h4>\n<p>Das Pfarrb\u00fcro\/-haus in der Mauritiusstr. 10 beseitzt einen eigenen Eingang zum Gel\u00e4nde. Sie finden diesen auf H\u00f6he der Hausnummer 10 direkt neben einer dort ans\u00e4\u00dfigen Wasserpfeifen-Bar. Im Zweifel wenden Sie sich gern an unser Personal.<\/p>\n<p><a href=\"#questions\">Zur\u00fcck zu den Fragen<\/a><\/p>\n<h4>Kann ich mit dem Fahrrad anreisen?<\/h4>\n<p>Ja. Wir werden auf dem Gel\u00e4nde Fahrradstellpl\u00e4tze ausweisen.<\/p>\n<p><a href=\"#questions\">Zur\u00fcck zu den Fragen<\/a><\/p>\n<h4>Gibt es Parkpl\u00e4tze f\u00fcr eine Anreise mit dem Auto?<\/h4>\n<p>Leider k\u00f6nnen wir keine Parkpl\u00e4tze ausweisen, da wir die gesamte Fl\u00e4che ben\u00f6tigen.<\/p>\n<p>Bevorzugen Sie die Anreise mit Fahrrad oder zu Fu\u00df.<\/p>\n<p><a href=\"#questions\">Zur\u00fcck zu den Fragen<\/a><\/p>\n","protected":false},"excerpt":{"rendered":"<p>Trotz anhaltender Coronapandemie und damit einhergehender Probleme bei der Planung von gr\u00f6\u00dferen Veranstaltungen erm\u00f6glicht die Kerbegesellschaft Schwanheim e.V. den Schwanheimer wieder eine Kerb. Unser Ziel war es, die bekannte Familienkerb m\u00f6glichst wie gewohnt anzubieten. Aufgrund der derzeitigen rechtlichen Vorgaben mussten wir hierf\u00fcr leider das Veranstaltungsgel\u00e4nde wechseln. Die Kerb findet deshalb von Freitag, den 24. September &hellip;<\/p>\n<p class=\"read-more\"> <a class=\"\" href=\"https:\/\/www.kerbegesellschaft-schwanheim.de\/?page_id=6\"> <span class=\"screen-reader-text\">Schwanheimer Kerb<\/span> Weiterlesen &raquo;<\/a><\/p>\n","protected":false},"author":1,"featured_media":0,"parent":0,"menu_order":0,"comment_status":"closed","ping_status":"closed","template":"","meta":{"site-sidebar-layout":"no-sidebar","site-content-layout":"page-builder","ast-global-header-display":"","ast-main-header-display":"","ast-hfb-above-header-display":"","ast-hfb-below-header-display":"","ast-hfb-mobile-header-display":"","site-post-title":"disabled","ast-breadcrumbs-content":"","ast-featured-img":"disabled","footer-sml-layout":"","theme-transparent-header-meta":"","adv-header-id-meta":"","stick-header-meta":"","header-above-stick-meta":"","header-main-stick-meta":"","header-below-stick-meta":"","footnotes":""},"class_list":["post-6","page","type-page","status-publish","hentry"],"_links":{"self":[{"href":"https:\/\/www.kerbegesellschaft-schwanheim.de\/index.php?rest_route=\/wp\/v2\/pages\/6","targetHints":{"allow":["GET"]}}],"collection":[{"href":"https:\/\/www.kerbegesellschaft-schwanheim.de\/index.php?rest_route=\/wp\/v2\/pages"}],"about":[{"href":"https:\/\/www.kerbegesellschaft-schwanheim.de\/index.php?rest_route=\/wp\/v2\/types\/page"}],"author":[{"embeddable":true,"href":"https:\/\/www.kerbegesellschaft-schwanheim.de\/index.php?rest_route=\/wp\/v2\/users\/1"}],"replies":[{"embeddable":true,"href":"https:\/\/www.kerbegesellschaft-schwanheim.de\/index.php?rest_route=%2Fwp%2Fv2%2Fcomments&post=6"}],"version-history":[{"count":215,"href":"https:\/\/www.kerbegesellschaft-schwanheim.de\/index.php?rest_route=\/wp\/v2\/pages\/6\/revisions"}],"predecessor-version":[{"id":311,"href":"https:\/\/www.kerbegesellschaft-schwanheim.de\/index.php?rest_route=\/wp\/v2\/pages\/6\/revisions\/311"}],"wp:attachment":[{"href":"https:\/\/www.kerbegesellschaft-schwanheim.de\/index.php?rest_route=%2Fwp%2Fv2%2Fmedia&parent=6"}],"curies":[{"name":"wp","href":"https:\/\/api.w.org\/{rel}","templated":true}]}}